{"id":41,"date":"2019-05-05T10:47:13","date_gmt":"2019-05-05T10:47:13","guid":{"rendered":"https:\/\/figel.de\/?page_id=41"},"modified":"2019-05-06T17:37:47","modified_gmt":"2019-05-06T17:37:47","slug":"disclaimer","status":"publish","type":"page","link":"http:\/\/figel.de\/?page_id=41","title":{"rendered":"Disclaimer"},"content":{"rendered":"<p>Rechtliche Hinweise (Disclaimer)<\/p>\n<p>Bitte beachten Sie die wichtigen rechtlichen Hinweise zu den Inhalten und zur Verf\u00fcgbarkeit dieser Webseiten, zum Urheberrecht und zu externen Links.<\/p>\n<p>Inhalte dieser Website<\/p>\n<p>Die Inhalte dieser Website werden mit gr\u00f6\u00dftm\u00f6glicher Sorgfalt erstellt. Armin Figel \u00fcbernimmt jedoch keine Gew\u00e4hr f\u00fcr die Richtigkeit, Vollst\u00e4ndigkeit und Aktualit\u00e4t der bereitgestellten Inhalte.<\/p>\n<p>Verf\u00fcgbarkeit der Website<\/p>\n<p>Armin Figel wird sich bem\u00fchen, den Dienst m\u00f6glichst unterbrechungsfrei zum Abruf anzubieten. Auch bei aller Sorgfalt k\u00f6nnen aber Ausfallzeiten nicht ausgeschlossen werden. Sie beh\u00e4lt sich das Recht vor, ihr Angebot jederzeit zu \u00e4ndern oder einzustellen. F\u00fcr durch nicht fehlerfrei angelegte Dateien oder nicht fehlerfrei strukturierte Formate bedingte Unterbrechungen oder anderweitige St\u00f6rungen k\u00f6nnen wir keine Gew\u00e4hr \u00fcbernehmen.<\/p>\n<p>Urheberrecht<\/p>\n<p>Alle Inhalte und Strukturen dieser Website sind urheber- und leistungsschutzrechtlich gesch\u00fctzt. Die Ver\u00f6ffentlichung im World Wide Web oder in sonstigen Diensten des Internet bedeutet noch keine Einverst\u00e4ndniserkl\u00e4rung f\u00fcr eine anderweitige Nutzung durch Dritte. Jede vom deutschen Urheberrecht nicht zugelassene Verwertung bedarf der vorherigen schriftlichen Zustimmung von Armin Figel.<\/p>\n<p>Wir erlauben und begr\u00fc\u00dfen ausdr\u00fccklich das Zitieren unserer Dokumente sowie das Setzen von Links auf unsere Website, solange kenntlich gemacht wird, dass es sich um Inhalte der Website der von Armin Figel handelt und diese Inhalte nicht in Verbindung mit Inhalten Dritter gebracht werden, die den Interessen von Armin Figel widersprechen.<\/p>\n<p>Hinweis zur Problematik von externen Links<\/p>\n<p>Armin Figel ist als Inhaltsanbieter nach \u00a7 7 Abs.1 Telemediengesetz f\u00fcr die \u201ceigenen Inhalte\u201d, die er zur Nutzung bereith\u00e4lt, nach den allgemeinen Gesetzen verantwortlich. Von diesen eigenen Inhalten sind Querverweise (\u201cLinks\u201d) auf die von anderen Anbietern bereitgehaltenen Inhalte zu unterscheiden. Durch den Querverweis h\u00e4lt Armin Figel  insofern \u201cfremde Inhalte\u201d zur Nutzung bereit, die in dieser Weise gekennzeichnet sind:<\/p>\n<p>Bei \u201cLinks\u201d handelt es sich stets um \u201clebende\u201d (dynamische) Verweisungen. Armin Figel hat bei der erstmaligen Verkn\u00fcpfung zwar den fremden Inhalt daraufhin \u00fcberpr\u00fcft, ob durch ihn eine m\u00f6gliche zivilrechtliche oder strafrechtliche Verantwortlichkeit ausgel\u00f6st wird. Er \u00fcberpr\u00fcft aber die Inhalte, auf die er in ihrem Angebot verweist, nicht st\u00e4ndig auf Ver\u00e4nderungen, die eine Verantwortlichkeit neu begr\u00fcnden k\u00f6nnten. Wenn sie feststellt oder von anderen darauf hingewiesen wird, dass ein konkretes Angebot, zu dem sie einen Link bereitgestellt hat, eine zivil- oder strafrechtliche Verantwortlichkeit ausl\u00f6st, wird sie den Verweis auf dieses Angebot aufheben.<\/p>\n<p>Anmerkung: diesen Disclaimer habe ich von der Berliner Beauftragten f\u00fcr Datenschutz und Informationsfreiheit \u00fcbernommen. Diese weist jedoch ausdr\u00fccklich darauf hin, dass dieser aufgrund der weitgehend unklaren Rechtslage hinsichtlich der Verantwortlichkeit f\u00fcr Links keine Garantie daf\u00fcr \u00fcbernehmen k\u00f6nnen, dass ein Anbieter sich durch die Aufnahme dieses Disclaimers in sein Angebot wirksam von der Verantwortung f\u00fcr Inhalte Dritter, auf die aus dem eigenen Angebot Links gesetzt werden, freizeichnen kann.<\/p>\n","protected":false},"excerpt":{"rendered":"<p>Rechtliche Hinweise (Disclaimer) Bitte beachten Sie die wichtigen rechtlichen Hinweise zu den Inhalten und zur Verf\u00fcgbarkeit dieser Webseiten, zum Urheberrecht und zu externen Links. Inhalte dieser Website Die Inhalte dieser Website werden mit gr\u00f6\u00dftm\u00f6glicher Sorgfalt erstellt. Armin Figel \u00fcbernimmt jedoch keine Gew\u00e4hr f\u00fcr die Richtigkeit, Vollst\u00e4ndigkeit und Aktualit\u00e4t der bereitgestellten Inhalte. Verf\u00fcgbarkeit der Website Armin [&hellip;]<\/p>\n","protected":false},"author":1,"featured_media":0,"parent":0,"menu_order":0,"comment_status":"closed","ping_status":"closed","template":"","meta":{"footnotes":""},"class_list":["post-41","page","type-page","status-publish","hentry"],"_links":{"self":[{"href":"http:\/\/figel.de\/index.php?rest_route=\/wp\/v2\/pages\/41","targetHints":{"allow":["GET"]}}],"collection":[{"href":"http:\/\/figel.de\/index.php?rest_route=\/wp\/v2\/pages"}],"about":[{"href":"http:\/\/figel.de\/index.php?rest_route=\/wp\/v2\/types\/page"}],"author":[{"embeddable":true,"href":"http:\/\/figel.de\/index.php?rest_route=\/wp\/v2\/users\/1"}],"replies":[{"embeddable":true,"href":"http:\/\/figel.de\/index.php?rest_route=%2Fwp%2Fv2%2Fcomments&post=41"}],"version-history":[{"count":1,"href":"http:\/\/figel.de\/index.php?rest_route=\/wp\/v2\/pages\/41\/revisions"}],"predecessor-version":[{"id":42,"href":"http:\/\/figel.de\/index.php?rest_route=\/wp\/v2\/pages\/41\/revisions\/42"}],"wp:attachment":[{"href":"http:\/\/figel.de\/index.php?rest_route=%2Fwp%2Fv2%2Fmedia&parent=41"}],"curies":[{"name":"wp","href":"https:\/\/api.w.org\/{rel}","templated":true}]}}